{"id":2906,"date":"2023-04-24T09:27:04","date_gmt":"2023-04-24T09:27:04","guid":{"rendered":"https:\/\/www.nu.ac.th\/en2023\/?page_id=2906"},"modified":"2023-06-20T06:08:26","modified_gmt":"2023-06-20T06:08:26","slug":"international-membership","status":"publish","type":"page","link":"https:\/\/english.nu.ac.th\/?page_id=2906","title":{"rendered":"International Memberships"},"content":{"rendered":"<section class=\"kc-elm kc-css-884755 kc_row\">\n<div class=\"kc-row-container kc-container\">\n<div class=\"kc-wrap-columns\">\n<div class=\"kc-elm kc-css-446828 kc_col-sm-12 kc_column kc_col-sm-12\">\n<div class=\"kc-col-container\">\n<div class=\"kc-elm kc-css-240415 kc-title-wrap \">\n<h1 class=\"kc_title\" style=\"text-align: center;\">International Memberships<\/h1>\n<\/div>\n<div class=\"kc-elm kc-css-56617 divider_line\">\n<div class=\"divider_inner divider_line2\"><\/div>\n<\/div>\n<div class=\"kc-elm kc-css-457165 kc_text_block\">\n<p>1) East Asia Academic Cooperation Council (EACC)<\/p>\n<p>2) Forum Mondial HERACLES<\/p>\n<p>3) AsiaEngage<\/p>\n<p>4) The Association of Universities of Asia and the Pacific (AUAP)<\/p>\n<p>5) ASEAN-European Academic University Partnership Network (ASEA-UNINET)<\/p>\n<p>6) Agence Universitaire de la Francophonie\u00a0 (AUF)<\/p>\n<p>7) Conf\u00e9rence r\u00e9gionale des Recteurs des Universit\u00e9s membres de l&#8217;Agence universitaire de la Francophonie en Asie-Pacifique (CONFRASIE)<\/p>\n<p>8) The Association of Southeast Asian Institutions of Higher Learning (ASAIHL)<\/p>\n<p>9) AUN-QA<\/p>\n<p>10) Asia Pacific Higher Education Research Partnership (APHERP)<\/p>\n<p>11) The Consortium for Globalization of Chinese Medicine (CGCM)<\/p>\n<p>12) Asia Pacific University- Community Engagement Network (APUCEN) Institutional Member<\/p>\n<p>13) ASEAN University Network \u2013 Health Promotion Network (AUN-HPN)<\/p>\n<\/div>\n<\/div>\n<\/div>\n<\/div>\n<\/div>\n<\/section>\n<div class=\"pvc_clear\"><\/div>\n<p id=\"pvc_stats_2906\" class=\"pvc_stats all  \" data-element-id=\"2906\" style=\"\"><i class=\"pvc-stats-icon medium\" aria-hidden=\"true\"><svg aria-hidden=\"true\" focusable=\"false\" data-prefix=\"far\" data-icon=\"chart-bar\" role=\"img\" xmlns=\"http:\/\/www.w3.org\/2000\/svg\" viewBox=\"0 0 512 512\" class=\"svg-inline--fa fa-chart-bar fa-w-16 fa-2x\"><path fill=\"currentColor\" d=\"M396.8 352h22.4c6.4 0 12.8-6.4 12.8-12.8V108.8c0-6.4-6.4-12.8-12.8-12.8h-22.4c-6.4 0-12.8 6.4-12.8 12.8v230.4c0 6.4 6.4 12.8 12.8 12.8zm-192 0h22.4c6.4 0 12.8-6.4 12.8-12.8V140.8c0-6.4-6.4-12.8-12.8-12.8h-22.4c-6.4 0-12.8 6.4-12.8 12.8v198.4c0 6.4 6.4 12.8 12.8 12.8zm96 0h22.4c6.4 0 12.8-6.4 12.8-12.8V204.8c0-6.4-6.4-12.8-12.8-12.8h-22.4c-6.4 0-12.8 6.4-12.8 12.8v134.4c0 6.4 6.4 12.8 12.8 12.8zM496 400H48V80c0-8.84-7.16-16-16-16H16C7.16 64 0 71.16 0 80v336c0 17.67 14.33 32 32 32h464c8.84 0 16-7.16 16-16v-16c0-8.84-7.16-16-16-16zm-387.2-48h22.4c6.4 0 12.8-6.4 12.8-12.8v-70.4c0-6.4-6.4-12.8-12.8-12.8h-22.4c-6.4 0-12.8 6.4-12.8 12.8v70.4c0 6.4 6.4 12.8 12.8 12.8z\" class=\"\"><\/path><\/svg><\/i> <img decoding=\"async\" width=\"16\" height=\"16\" alt=\"Loading\" src=\"https:\/\/english.nu.ac.th\/wp-content\/plugins\/page-views-count\/ajax-loader-2x.gif\" border=0 \/><\/p>\n<div class=\"pvc_clear\"><\/div>\n","protected":false},"excerpt":{"rendered":"<p>International Memberships 1) East Asia Academic Cooperation Council (EACC) 2) Forum Mondial HERACLES 3) AsiaEngage 4) The Association of Universities of Asia and the Pacific (AUAP) 5) ASEAN-European Academic University Partnership Network (ASEA-UNINET) 6) Agence Universitaire de la Francophonie\u00a0 (AUF) 7) Conf\u00e9rence r\u00e9gionale des Recteurs des Universit\u00e9s membres de l&#8217;Agence universitaire de la Francophonie en&#46;&#46;&#46;<\/p>\n<div class=\"pvc_clear\"><\/div>\n<p id=\"pvc_stats_2906\" class=\"pvc_stats all  \" data-element-id=\"2906\" style=\"\"><i class=\"pvc-stats-icon medium\" aria-hidden=\"true\"><svg aria-hidden=\"true\" focusable=\"false\" data-prefix=\"far\" data-icon=\"chart-bar\" role=\"img\" xmlns=\"http:\/\/www.w3.org\/2000\/svg\" viewBox=\"0 0 512 512\" class=\"svg-inline--fa fa-chart-bar fa-w-16 fa-2x\"><path fill=\"currentColor\" d=\"M396.8 352h22.4c6.4 0 12.8-6.4 12.8-12.8V108.8c0-6.4-6.4-12.8-12.8-12.8h-22.4c-6.4 0-12.8 6.4-12.8 12.8v230.4c0 6.4 6.4 12.8 12.8 12.8zm-192 0h22.4c6.4 0 12.8-6.4 12.8-12.8V140.8c0-6.4-6.4-12.8-12.8-12.8h-22.4c-6.4 0-12.8 6.4-12.8 12.8v198.4c0 6.4 6.4 12.8 12.8 12.8zm96 0h22.4c6.4 0 12.8-6.4 12.8-12.8V204.8c0-6.4-6.4-12.8-12.8-12.8h-22.4c-6.4 0-12.8 6.4-12.8 12.8v134.4c0 6.4 6.4 12.8 12.8 12.8zM496 400H48V80c0-8.84-7.16-16-16-16H16C7.16 64 0 71.16 0 80v336c0 17.67 14.33 32 32 32h464c8.84 0 16-7.16 16-16v-16c0-8.84-7.16-16-16-16zm-387.2-48h22.4c6.4 0 12.8-6.4 12.8-12.8v-70.4c0-6.4-6.4-12.8-12.8-12.8h-22.4c-6.4 0-12.8 6.4-12.8 12.8v70.4c0 6.4 6.4 12.8 12.8 12.8z\" class=\"\"><\/path><\/svg><\/i> <img decoding=\"async\" width=\"16\" height=\"16\" alt=\"Loading\" src=\"https:\/\/english.nu.ac.th\/wp-content\/plugins\/page-views-count\/ajax-loader-2x.gif\" border=0 \/><\/p>\n<div class=\"pvc_clear\"><\/div>\n","protected":false},"author":2,"featured_media":0,"parent":2902,"menu_order":2,"comment_status":"closed","ping_status":"closed","template":"","meta":{"footnotes":"","_links_to":"","_links_to_target":""},"class_list":["post-2906","page","type-page","status-publish","hentry"],"a3_pvc":{"activated":true,"total_views":1071,"today_views":0},"_links":{"self":[{"href":"https:\/\/english.nu.ac.th\/index.php?rest_route=\/wp\/v2\/pages\/2906","targetHints":{"allow":["GET"]}}],"collection":[{"href":"https:\/\/english.nu.ac.th\/index.php?rest_route=\/wp\/v2\/pages"}],"about":[{"href":"https:\/\/english.nu.ac.th\/index.php?rest_route=\/wp\/v2\/types\/page"}],"author":[{"embeddable":true,"href":"https:\/\/english.nu.ac.th\/index.php?rest_route=\/wp\/v2\/users\/2"}],"replies":[{"embeddable":true,"href":"https:\/\/english.nu.ac.th\/index.php?rest_route=%2Fwp%2Fv2%2Fcomments&post=2906"}],"version-history":[{"count":0,"href":"https:\/\/english.nu.ac.th\/index.php?rest_route=\/wp\/v2\/pages\/2906\/revisions"}],"up":[{"embeddable":true,"href":"https:\/\/english.nu.ac.th\/index.php?rest_route=\/wp\/v2\/pages\/2902"}],"wp:attachment":[{"href":"https:\/\/english.nu.ac.th\/index.php?rest_route=%2Fwp%2Fv2%2Fmedia&parent=2906"}],"curies":[{"name":"wp","href":"https:\/\/api.w.org\/{rel}","templated":true}]}}